{"id":767,"date":"2024-07-06T14:11:14","date_gmt":"2024-07-06T14:11:14","guid":{"rendered":"https:\/\/yogaveenendaal.nl\/?page_id=767"},"modified":"2026-04-14T08:49:32","modified_gmt":"2026-04-14T08:49:32","slug":"tarieven","status":"publish","type":"page","link":"https:\/\/yogaveenendaal.nl\/?page_id=767","title":{"rendered":"Tarieven info:"},"content":{"rendered":"\n<hr class=\"wp-block-separator has-alpha-channel-opacity\"\/>\n\n\n\n<h3 class=\"wp-block-heading\"><\/h3>\n\n\n\n<p class=\"has-large-font-size\"><strong>Abonnement:<\/strong><\/p>\n\n\n\n<p class=\"has-vivid-red-color has-text-color has-link-color wp-elements-126da1bff43ca04837134917da3cd8c6\">Momenteel worden er geen strippenkaarten uitgegeven aan nieuwe leden. Mogelijk is dat in de toekomst weer mogelijk. <\/p>\n\n\n\n<p class=\"has-black-color has-text-color has-link-color wp-elements-2c267b24e15a676cf4fa0a5b510f0cbf\"><strong>Een maand abonnement biedt commitment, regelmaat, plek in de les en continu\u00efteit in je practice.<\/strong><\/p>\n\n\n\n<p>Een maand abonnement is \u20ac32,50. Er zijn 45 lessen per jaar. Dit abonnement kan niet op pauze gezet worden. (Uitgezonderd bij langdurige ziekte).<\/p>\n\n\n\n<p>Een maandabonnement is maandelijks opzegbaar met een opzegtermijn van \u00e9\u00e9n maand, schriftelijk of per e-mail v\u00f3\u00f3r de eerste van de maand (niet via WhatsApp). <strong><\/strong><\/p>\n\n\n\n<p>Indien na het opzeggen van je abonnement binnen drie maanden opnieuw een abonnement wordt aangegaan, wordt er \u20ac25, &#8211; administratieve kosten in rekening gebracht. <strong><\/strong><\/p>\n\n\n\n<p>Bij alle abonnementsvormen is er geen restitutie mogelijk.<strong><\/strong><\/p>\n\n\n\n<p class=\"has-medium-font-size\">Een maandabonnement wordt middels een automatische incasso ge\u00efnd door PayPro. Je ontvangt eenmalig een Sepa -machtigingsformulier voor de maandelijkse incasso\u2019s.<\/p>\n\n\n\n<p class=\"has-small-font-size\"><\/p>\n","protected":false},"excerpt":{"rendered":"<p>YogaVeenendaal is de goedkoopste yogapraktijk van Veenendaal. De meest gebruikte optie is een strippenkaart van 10 lessen. <\/p>\n","protected":false},"author":3,"featured_media":756,"parent":0,"menu_order":0,"comment_status":"closed","ping_status":"closed","template":"","meta":{"two_page_speed":[],"footnotes":""},"class_list":["post-767","page","type-page","status-publish","has-post-thumbnail","hentry"],"_links":{"self":[{"href":"https:\/\/yogaveenendaal.nl\/index.php?rest_route=\/wp\/v2\/pages\/767","targetHints":{"allow":["GET"]}}],"collection":[{"href":"https:\/\/yogaveenendaal.nl\/index.php?rest_route=\/wp\/v2\/pages"}],"about":[{"href":"https:\/\/yogaveenendaal.nl\/index.php?rest_route=\/wp\/v2\/types\/page"}],"author":[{"embeddable":true,"href":"https:\/\/yogaveenendaal.nl\/index.php?rest_route=\/wp\/v2\/users\/3"}],"replies":[{"embeddable":true,"href":"https:\/\/yogaveenendaal.nl\/index.php?rest_route=%2Fwp%2Fv2%2Fcomments&post=767"}],"version-history":[{"count":4,"href":"https:\/\/yogaveenendaal.nl\/index.php?rest_route=\/wp\/v2\/pages\/767\/revisions"}],"predecessor-version":[{"id":926,"href":"https:\/\/yogaveenendaal.nl\/index.php?rest_route=\/wp\/v2\/pages\/767\/revisions\/926"}],"wp:featuredmedia":[{"embeddable":true,"href":"https:\/\/yogaveenendaal.nl\/index.php?rest_route=\/wp\/v2\/media\/756"}],"wp:attachment":[{"href":"https:\/\/yogaveenendaal.nl\/index.php?rest_route=%2Fwp%2Fv2%2Fmedia&parent=767"}],"curies":[{"name":"wp","href":"https:\/\/api.w.org\/{rel}","templated":true}]}}